{"id":1487,"date":"2022-11-25T12:39:22","date_gmt":"2022-11-25T12:39:22","guid":{"rendered":"https:\/\/neuroesplugues.com\/diagnostic-i-trancament-infantil-i-juvenil\/psicologia-clinica-infantil\/"},"modified":"2022-12-21T15:28:45","modified_gmt":"2022-12-21T15:28:45","slug":"psicologia-clinica-infantil","status":"publish","type":"page","link":"https:\/\/neuroesplugues.com\/es\/diagnostico-y-tratamiento-infantil-y-juvenil\/psicologia-clinica-infantil\/","title":{"rendered":"Psicolog\u00eda cl\u00ednica infantil"},"content":{"rendered":"\t\t<div data-elementor-type=\"wp-page\" data-elementor-id=\"1487\" class=\"elementor elementor-1487 elementor-91\">\n\t\t\t\t\t\t\t\t\t<section class=\"elementor-section elementor-top-section elementor-element elementor-element-b1bfa58 elementor-reverse-mobile elementor-section-boxed elementor-section-height-default elementor-section-height-default\" data-id=\"b1bfa58\" data-element_type=\"section\">\n\t\t\t\t\t\t<div class=\"elementor-container elementor-column-gap-default\">\n\t\t\t\t\t<div class=\"elementor-column elementor-col-50 elementor-top-column elementor-element elementor-element-a297848\" data-id=\"a297848\" data-element_type=\"column\">\n\t\t\t<div class=\"elementor-widget-wrap elementor-element-populated\">\n\t\t\t\t\t\t\t\t<div class=\"elementor-element elementor-element-38b6937 elementor-hidden-desktop elementor-invisible elementor-widget elementor-widget-image\" data-id=\"38b6937\" data-element_type=\"widget\" data-settings=\"{&quot;sticky&quot;:&quot;top&quot;,&quot;sticky_on&quot;:[&quot;desktop&quot;,&quot;tablet&quot;],&quot;sticky_offset&quot;:200,&quot;_animation&quot;:&quot;fadeIn&quot;,&quot;sticky_effects_offset&quot;:0}\" data-widget_type=\"image.default\">\n\t\t\t\t<div class=\"elementor-widget-container\">\n\t\t\t<style>\/*! elementor - v3.9.2 - 21-12-2022 *\/\n.elementor-widget-image{text-align:center}.elementor-widget-image a{display:inline-block}.elementor-widget-image a img[src$=\".svg\"]{width:48px}.elementor-widget-image img{vertical-align:middle;display:inline-block}<\/style>\t\t\t\t\t\t\t\t\t\t\t\t<img loading=\"lazy\" decoding=\"async\" width=\"480\" height=\"437\" src=\"https:\/\/neuroesplugues.com\/wp-content\/uploads\/2022\/11\/Serveis-Psicologia-infantil-responsive.png\" class=\"attachment-full size-full wp-image-333\" alt=\"\" \/>\t\t\t\t\t\t\t\t\t\t\t\t\t\t\t<\/div>\n\t\t\t\t<\/div>\n\t\t\t\t<section class=\"elementor-section elementor-inner-section elementor-element elementor-element-adc00d9 elementor-hidden-tablet elementor-hidden-mobile elementor-section-boxed elementor-section-height-default elementor-section-height-default\" data-id=\"adc00d9\" data-element_type=\"section\" data-settings=\"{&quot;sticky&quot;:&quot;top&quot;,&quot;sticky_offset&quot;:200,&quot;sticky_parent&quot;:&quot;yes&quot;,&quot;sticky_on&quot;:[&quot;desktop&quot;,&quot;tablet&quot;],&quot;sticky_effects_offset&quot;:0}\">\n\t\t\t\t\t\t<div class=\"elementor-container elementor-column-gap-default\">\n\t\t\t\t\t<div class=\"elementor-column elementor-col-100 elementor-inner-column elementor-element elementor-element-b2579ef\" data-id=\"b2579ef\" data-element_type=\"column\">\n\t\t\t<div class=\"elementor-widget-wrap elementor-element-populated\">\n\t\t\t\t\t\t\t\t<div class=\"elementor-element elementor-element-77bf841 animated-fast elementor-invisible elementor-widget elementor-widget-image\" data-id=\"77bf841\" data-element_type=\"widget\" data-settings=\"{&quot;_animation&quot;:&quot;zoomIn&quot;,&quot;_animation_delay&quot;:120}\" data-widget_type=\"image.default\">\n\t\t\t\t<div class=\"elementor-widget-container\">\n\t\t\t\t\t\t\t\t\t\t\t\t\t\t\t<img loading=\"lazy\" decoding=\"async\" width=\"500\" height=\"431\" src=\"https:\/\/neuroesplugues.com\/wp-content\/uploads\/2022\/11\/Serveis-Psicologia-infantil-img.png\" class=\"attachment-full size-full wp-image-122\" alt=\"\" \/>\t\t\t\t\t\t\t\t\t\t\t\t\t\t\t<\/div>\n\t\t\t\t<\/div>\n\t\t\t\t<div class=\"elementor-element elementor-element-f73eab4 elementor-invisible elementor-widget elementor-widget-image\" data-id=\"f73eab4\" data-element_type=\"widget\" data-settings=\"{&quot;_animation&quot;:&quot;fadeIn&quot;,&quot;_animation_delay&quot;:100}\" data-widget_type=\"image.default\">\n\t\t\t\t<div class=\"elementor-widget-container\">\n\t\t\t\t\t\t\t\t\t\t\t\t\t\t\t<img loading=\"lazy\" decoding=\"async\" width=\"355\" height=\"322\" src=\"https:\/\/neuroesplugues.com\/wp-content\/uploads\/2022\/11\/Serveis-Psicologia-infantil-bg.svg\" class=\"attachment-full size-full wp-image-121\" alt=\"\" \/>\t\t\t\t\t\t\t\t\t\t\t\t\t\t\t<\/div>\n\t\t\t\t<\/div>\n\t\t\t\t\t<\/div>\n\t\t<\/div>\n\t\t\t\t\t\t\t<\/div>\n\t\t<\/section>\n\t\t\t\t\t<\/div>\n\t\t<\/div>\n\t\t\t\t<div class=\"elementor-column elementor-col-50 elementor-top-column elementor-element elementor-element-dcc77b0\" data-id=\"dcc77b0\" data-element_type=\"column\">\n\t\t\t<div class=\"elementor-widget-wrap elementor-element-populated\">\n\t\t\t\t\t\t\t\t<div class=\"elementor-element elementor-element-aeb0f08 elementor-invisible elementor-widget elementor-widget-heading\" data-id=\"aeb0f08\" data-element_type=\"widget\" data-settings=\"{&quot;_animation&quot;:&quot;fadeInRight&quot;}\" data-widget_type=\"heading.default\">\n\t\t\t\t<div class=\"elementor-widget-container\">\n\t\t\t<style>\/*! elementor - v3.9.2 - 21-12-2022 *\/\n.elementor-heading-title{padding:0;margin:0;line-height:1}.elementor-widget-heading .elementor-heading-title[class*=elementor-size-]>a{color:inherit;font-size:inherit;line-height:inherit}.elementor-widget-heading .elementor-heading-title.elementor-size-small{font-size:15px}.elementor-widget-heading .elementor-heading-title.elementor-size-medium{font-size:19px}.elementor-widget-heading .elementor-heading-title.elementor-size-large{font-size:29px}.elementor-widget-heading .elementor-heading-title.elementor-size-xl{font-size:39px}.elementor-widget-heading .elementor-heading-title.elementor-size-xxl{font-size:59px}<\/style><h2 class=\"elementor-heading-title elementor-size-default\">Psicolog\u00eda cl\u00ednica infantil<\/h2>\t\t<\/div>\n\t\t\t\t<\/div>\n\t\t\t\t<div class=\"elementor-element elementor-element-4d558e0 elementor-invisible elementor-widget elementor-widget-text-editor\" data-id=\"4d558e0\" data-element_type=\"widget\" data-settings=\"{&quot;_animation&quot;:&quot;fadeInRight&quot;,&quot;_animation_delay&quot;:100}\" data-widget_type=\"text-editor.default\">\n\t\t\t\t<div class=\"elementor-widget-container\">\n\t\t\t<style>\/*! elementor - v3.9.2 - 21-12-2022 *\/\n.elementor-widget-text-editor.elementor-drop-cap-view-stacked .elementor-drop-cap{background-color:#818a91;color:#fff}.elementor-widget-text-editor.elementor-drop-cap-view-framed .elementor-drop-cap{color:#818a91;border:3px solid;background-color:transparent}.elementor-widget-text-editor:not(.elementor-drop-cap-view-default) .elementor-drop-cap{margin-top:8px}.elementor-widget-text-editor:not(.elementor-drop-cap-view-default) .elementor-drop-cap-letter{width:1em;height:1em}.elementor-widget-text-editor .elementor-drop-cap{float:left;text-align:center;line-height:1;font-size:50px}.elementor-widget-text-editor .elementor-drop-cap-letter{display:inline-block}<\/style>\t\t\t\t<p><strong>La psicolog\u00eda cl\u00ednica infantil y juvenil<\/strong> promueve la salud mental y la conducta adaptativa, evaluando y tratando los distintos problemas o trastornos que pueden sufrir los ni\u00f1os o adolescentes en las diferentes etapas de la vida.<\/p><p>El psic\u00f3logo es un especialista de la infancia y la adolescencia que conoce el desarrollo psicol\u00f3gico de los ni\u00f1os o j\u00f3venes en cada etapa.<\/p><p>El proceso diagn\u00f3stico y la elaboraci\u00f3n del plan de tratamiento se adapta a las necesidades de cada familia y se estructura de la siguiente manera:<br \/><br \/><\/p><ul><li><strong>Historia cl\u00ednica<\/strong>: primera visita con los padres donde expresan sus preocupaciones hacia su hijo\/a y donde el terapeuta mediante la entrevista cl\u00ednica empieza a elaborar una hip\u00f3tesis diagn\u00f3stica.<\/li><li><strong>Evaluaci\u00f3n psicol\u00f3gica:<\/strong> visitas sucesivas de valoraci\u00f3n (unas con el ni\u00f1o\/a y otras con los padres) para realizar un diagn\u00f3stico cl\u00ednico o una descripci\u00f3n del perfil observado y finalmente elaborar un plan de tratamiento.<\/li><li><strong>Intervenci\u00f3n psicol\u00f3gica:<\/strong> se inicia el trabajo con el ni\u00f1o\/a, la familia y la escuela, con el fin de alcanzar los objetivos terap\u00e9uticos marcados. Muchas veces el trabajo tambi\u00e9n debe coordinarse con otros profesionales que lo atienden (neuropediatra, psiquiatra, etc.).<br \/><br \/><\/li><\/ul><p>En ocasiones, cuando los problemas son eventuales, no es necesario realizar todo el proceso diagn\u00f3stico y se realizan sesiones puntuales de asesoramiento y pautas para padres.<\/p><p>Los planes de intervenci\u00f3n pueden ser:<\/p><ul><li><strong>Terapia individual<\/strong><\/li><li><strong>Terapia familiar<\/strong><\/li><li><strong>Terapia grupal<\/strong> (sesiones donde se trabaja en grupo con caracter\u00edsticas cl\u00ednicas y edades similares. En el caso de los grupos de habilidades sociales los grupos pueden ser de hasta 5 ni\u00f1os\/as o adolescentes).<\/li><\/ul><p><br \/>La duraci\u00f3n del tratamiento es variable dependiendo de cada caso.<\/p>\t\t\t\t\t\t<\/div>\n\t\t\t\t<\/div>\n\t\t\t\t\t<\/div>\n\t\t<\/div>\n\t\t\t\t\t\t\t<\/div>\n\t\t<\/section>\n\t\t\t\t\t\t\t<\/div>\n\t\t","protected":false},"excerpt":{"rendered":"<p>La psicolog\u00eda cl\u00ednica infantil y juvenil promueve la salud mental y la conducta adaptativa, evaluando y tratando los distintos problemas o trastornos que pueden sufrir los ni\u00f1os o adolescentes en las diferentes etapas de la vida. El psic\u00f3logo es un especialista de la infancia y la adolescencia que conoce el desarrollo psicol\u00f3gico de los ni\u00f1os [&hellip;]<\/p>\n","protected":false},"author":1,"featured_media":0,"parent":1445,"menu_order":0,"comment_status":"closed","ping_status":"closed","template":"","meta":{"footnotes":""},"class_list":["post-1487","page","type-page","status-publish","hentry"],"_links":{"self":[{"href":"https:\/\/neuroesplugues.com\/es\/wp-json\/wp\/v2\/pages\/1487","targetHints":{"allow":["GET"]}}],"collection":[{"href":"https:\/\/neuroesplugues.com\/es\/wp-json\/wp\/v2\/pages"}],"about":[{"href":"https:\/\/neuroesplugues.com\/es\/wp-json\/wp\/v2\/types\/page"}],"author":[{"embeddable":true,"href":"https:\/\/neuroesplugues.com\/es\/wp-json\/wp\/v2\/users\/1"}],"replies":[{"embeddable":true,"href":"https:\/\/neuroesplugues.com\/es\/wp-json\/wp\/v2\/comments?post=1487"}],"version-history":[{"count":4,"href":"https:\/\/neuroesplugues.com\/es\/wp-json\/wp\/v2\/pages\/1487\/revisions"}],"predecessor-version":[{"id":1492,"href":"https:\/\/neuroesplugues.com\/es\/wp-json\/wp\/v2\/pages\/1487\/revisions\/1492"}],"up":[{"embeddable":true,"href":"https:\/\/neuroesplugues.com\/es\/wp-json\/wp\/v2\/pages\/1445"}],"wp:attachment":[{"href":"https:\/\/neuroesplugues.com\/es\/wp-json\/wp\/v2\/media?parent=1487"}],"curies":[{"name":"wp","href":"https:\/\/api.w.org\/{rel}","templated":true}]}}