{"id":1467,"date":"2022-11-28T09:16:45","date_gmt":"2022-11-28T09:16:45","guid":{"rendered":"https:\/\/neuroesplugues.com\/diagnostic-i-trancament-infantil-i-juvenil\/logopedia-infantil\/"},"modified":"2022-12-21T15:23:27","modified_gmt":"2022-12-21T15:23:27","slug":"logopedia-infantil","status":"publish","type":"page","link":"https:\/\/neuroesplugues.com\/es\/diagnostico-y-tratamiento-infantil-y-juvenil\/logopedia-infantil\/","title":{"rendered":"Logopedia Infantil"},"content":{"rendered":"\t\t<div data-elementor-type=\"wp-page\" data-elementor-id=\"1467\" class=\"elementor elementor-1467 elementor-151\">\n\t\t\t\t\t\t\t\t\t<section class=\"elementor-section elementor-top-section elementor-element elementor-element-f91f2db elementor-reverse-mobile elementor-section-boxed elementor-section-height-default elementor-section-height-default\" data-id=\"f91f2db\" data-element_type=\"section\">\n\t\t\t\t\t\t<div class=\"elementor-container elementor-column-gap-default\">\n\t\t\t\t\t<div class=\"elementor-column elementor-col-50 elementor-top-column elementor-element elementor-element-573e365\" data-id=\"573e365\" data-element_type=\"column\">\n\t\t\t<div class=\"elementor-widget-wrap elementor-element-populated\">\n\t\t\t\t\t\t\t\t<div class=\"elementor-element elementor-element-e072a54 elementor-hidden-desktop elementor-invisible elementor-widget elementor-widget-image\" data-id=\"e072a54\" data-element_type=\"widget\" data-settings=\"{&quot;sticky&quot;:&quot;top&quot;,&quot;sticky_on&quot;:[&quot;desktop&quot;,&quot;tablet&quot;],&quot;sticky_offset&quot;:200,&quot;_animation&quot;:&quot;fadeIn&quot;,&quot;sticky_effects_offset&quot;:0}\" data-widget_type=\"image.default\">\n\t\t\t\t<div class=\"elementor-widget-container\">\n\t\t\t<style>\/*! elementor - v3.9.2 - 21-12-2022 *\/\n.elementor-widget-image{text-align:center}.elementor-widget-image a{display:inline-block}.elementor-widget-image a img[src$=\".svg\"]{width:48px}.elementor-widget-image img{vertical-align:middle;display:inline-block}<\/style>\t\t\t\t\t\t\t\t\t\t\t\t<img loading=\"lazy\" decoding=\"async\" width=\"480\" height=\"387\" src=\"https:\/\/neuroesplugues.com\/wp-content\/uploads\/2022\/11\/serveis-logopedia-responsive.png\" class=\"attachment-full size-full wp-image-330\" alt=\"\" \/>\t\t\t\t\t\t\t\t\t\t\t\t\t\t\t<\/div>\n\t\t\t\t<\/div>\n\t\t\t\t<section class=\"elementor-section elementor-inner-section elementor-element elementor-element-09ff6e5 elementor-hidden-tablet elementor-hidden-mobile elementor-section-boxed elementor-section-height-default elementor-section-height-default\" data-id=\"09ff6e5\" data-element_type=\"section\" data-settings=\"{&quot;sticky&quot;:&quot;top&quot;,&quot;sticky_offset&quot;:200,&quot;sticky_parent&quot;:&quot;yes&quot;,&quot;sticky_on&quot;:[&quot;desktop&quot;,&quot;tablet&quot;],&quot;sticky_effects_offset&quot;:0}\">\n\t\t\t\t\t\t<div class=\"elementor-container elementor-column-gap-default\">\n\t\t\t\t\t<div class=\"elementor-column elementor-col-100 elementor-inner-column elementor-element elementor-element-d9d0ccf\" data-id=\"d9d0ccf\" data-element_type=\"column\">\n\t\t\t<div class=\"elementor-widget-wrap elementor-element-populated\">\n\t\t\t\t\t\t\t\t<div class=\"elementor-element elementor-element-066417a animated-fast elementor-invisible elementor-widget elementor-widget-image\" data-id=\"066417a\" data-element_type=\"widget\" data-settings=\"{&quot;_animation&quot;:&quot;zoomIn&quot;,&quot;_animation_delay&quot;:120}\" data-widget_type=\"image.default\">\n\t\t\t\t<div class=\"elementor-widget-container\">\n\t\t\t\t\t\t\t\t\t\t\t\t\t\t\t<img loading=\"lazy\" decoding=\"async\" width=\"500\" height=\"431\" src=\"https:\/\/neuroesplugues.com\/wp-content\/uploads\/2022\/11\/serveis-logopedia-img.png\" class=\"attachment-full size-full wp-image-299\" alt=\"\" \/>\t\t\t\t\t\t\t\t\t\t\t\t\t\t\t<\/div>\n\t\t\t\t<\/div>\n\t\t\t\t<div class=\"elementor-element elementor-element-ae3f58e elementor-invisible elementor-widget elementor-widget-image\" data-id=\"ae3f58e\" data-element_type=\"widget\" data-settings=\"{&quot;_animation&quot;:&quot;fadeIn&quot;,&quot;_animation_delay&quot;:100}\" data-widget_type=\"image.default\">\n\t\t\t\t<div class=\"elementor-widget-container\">\n\t\t\t\t\t\t\t\t\t\t\t\t\t\t\t<img loading=\"lazy\" decoding=\"async\" width=\"417\" height=\"325\" src=\"https:\/\/neuroesplugues.com\/wp-content\/uploads\/2022\/11\/serveis-logopedia-bg.svg\" class=\"attachment-full size-full wp-image-300\" alt=\"\" \/>\t\t\t\t\t\t\t\t\t\t\t\t\t\t\t<\/div>\n\t\t\t\t<\/div>\n\t\t\t\t\t<\/div>\n\t\t<\/div>\n\t\t\t\t\t\t\t<\/div>\n\t\t<\/section>\n\t\t\t\t\t<\/div>\n\t\t<\/div>\n\t\t\t\t<div class=\"elementor-column elementor-col-50 elementor-top-column elementor-element elementor-element-e84d819\" data-id=\"e84d819\" data-element_type=\"column\">\n\t\t\t<div class=\"elementor-widget-wrap elementor-element-populated\">\n\t\t\t\t\t\t\t\t<div class=\"elementor-element elementor-element-19035be elementor-invisible elementor-widget elementor-widget-heading\" data-id=\"19035be\" data-element_type=\"widget\" data-settings=\"{&quot;_animation&quot;:&quot;fadeInRight&quot;}\" data-widget_type=\"heading.default\">\n\t\t\t\t<div class=\"elementor-widget-container\">\n\t\t\t<style>\/*! elementor - v3.9.2 - 21-12-2022 *\/\n.elementor-heading-title{padding:0;margin:0;line-height:1}.elementor-widget-heading .elementor-heading-title[class*=elementor-size-]>a{color:inherit;font-size:inherit;line-height:inherit}.elementor-widget-heading .elementor-heading-title.elementor-size-small{font-size:15px}.elementor-widget-heading .elementor-heading-title.elementor-size-medium{font-size:19px}.elementor-widget-heading .elementor-heading-title.elementor-size-large{font-size:29px}.elementor-widget-heading .elementor-heading-title.elementor-size-xl{font-size:39px}.elementor-widget-heading .elementor-heading-title.elementor-size-xxl{font-size:59px}<\/style><h2 class=\"elementor-heading-title elementor-size-default\">Logop\u00e8dia Infantil <\/h2>\t\t<\/div>\n\t\t\t\t<\/div>\n\t\t\t\t<div class=\"elementor-element elementor-element-47b5576 elementor-invisible elementor-widget elementor-widget-text-editor\" data-id=\"47b5576\" data-element_type=\"widget\" data-settings=\"{&quot;_animation&quot;:&quot;fadeInRight&quot;,&quot;_animation_delay&quot;:100}\" data-widget_type=\"text-editor.default\">\n\t\t\t\t<div class=\"elementor-widget-container\">\n\t\t\t<style>\/*! elementor - v3.9.2 - 21-12-2022 *\/\n.elementor-widget-text-editor.elementor-drop-cap-view-stacked .elementor-drop-cap{background-color:#818a91;color:#fff}.elementor-widget-text-editor.elementor-drop-cap-view-framed .elementor-drop-cap{color:#818a91;border:3px solid;background-color:transparent}.elementor-widget-text-editor:not(.elementor-drop-cap-view-default) .elementor-drop-cap{margin-top:8px}.elementor-widget-text-editor:not(.elementor-drop-cap-view-default) .elementor-drop-cap-letter{width:1em;height:1em}.elementor-widget-text-editor .elementor-drop-cap{float:left;text-align:center;line-height:1;font-size:50px}.elementor-widget-text-editor .elementor-drop-cap-letter{display:inline-block}<\/style>\t\t\t\t<p>La logopedia es la disciplina que eval\u00faa y trata los trastornos que afectan a la voz, el habla, el lenguaje oral y escrito y las alteraciones orofaciales.<\/p><p>Cuando es necesario, aplicamos sistemas alternativos y\/o aumentativos de la comunicaci\u00f3n para favorecer la adquisici\u00f3n comunicativa y funcionalidad de la misma.<\/p><p>Las diferentes \u00e1reas que atiende una logopeda son:<\/p><p><strong>Alteraciones del lenguaje:<\/strong><\/p><ul><li>Retraso en la adquisici\u00f3n del lenguaje.<\/li><li>Trastorno espec\u00edfico del lenguaje.<\/li><li>Trastornos del lenguaje asociados a otras alteraciones.<\/li><\/ul><p><strong><br \/>Alteraciones del habla:<\/strong><\/p><ul><li>Trastornos relacionados con la articulaci\u00f3n del habla (dislalias, retraso en la adquisici\u00f3n del habla, disartria).<\/li><li>Trastornos de la fluidez (disfemia).<\/li><\/ul><p><strong><br \/>Alteraciones de la voz:<\/strong><\/p><ul><li>Disfon\u00edas.<\/li><li>Afon\u00edas.<\/li><\/ul><p><strong><br \/>Alteraciones orofaciales:<\/strong><\/p><ul><li>Degluci\u00f3n at\u00edpica.<\/li><\/ul><p><strong>\u00a0<br \/><\/strong>La logopeda est\u00e1 en constante<strong> coordinaci\u00f3n con las<\/strong> <strong>escuelas, institutos y otros referentes<\/strong> (EAP, CDIAP, CSMIJ, etc.), para seguir la misma l\u00ednea de trabajo y ofrecer asesoramiento en herramientas de intervenci\u00f3n y en adaptaciones escolares.<\/p><p>Adem\u00e1s, ofrece <strong>asesoramiento, informaci\u00f3n y apoyo a las familias<\/strong>.<\/p>\t\t\t\t\t\t<\/div>\n\t\t\t\t<\/div>\n\t\t\t\t\t<\/div>\n\t\t<\/div>\n\t\t\t\t\t\t\t<\/div>\n\t\t<\/section>\n\t\t\t\t\t\t\t<\/div>\n\t\t","protected":false},"excerpt":{"rendered":"<p>Logop\u00e8dia Infantil La logopedia es la disciplina que eval\u00faa y trata los trastornos que afectan a la voz, el habla, el lenguaje oral y escrito y las alteraciones orofaciales. Cuando es necesario, aplicamos sistemas alternativos y\/o aumentativos de la comunicaci\u00f3n para favorecer la adquisici\u00f3n comunicativa y funcionalidad de la misma. Las diferentes \u00e1reas que atiende [&hellip;]<\/p>\n","protected":false},"author":1,"featured_media":0,"parent":1445,"menu_order":0,"comment_status":"closed","ping_status":"closed","template":"","meta":{"footnotes":""},"class_list":["post-1467","page","type-page","status-publish","hentry"],"_links":{"self":[{"href":"https:\/\/neuroesplugues.com\/es\/wp-json\/wp\/v2\/pages\/1467","targetHints":{"allow":["GET"]}}],"collection":[{"href":"https:\/\/neuroesplugues.com\/es\/wp-json\/wp\/v2\/pages"}],"about":[{"href":"https:\/\/neuroesplugues.com\/es\/wp-json\/wp\/v2\/types\/page"}],"author":[{"embeddable":true,"href":"https:\/\/neuroesplugues.com\/es\/wp-json\/wp\/v2\/users\/1"}],"replies":[{"embeddable":true,"href":"https:\/\/neuroesplugues.com\/es\/wp-json\/wp\/v2\/comments?post=1467"}],"version-history":[{"count":6,"href":"https:\/\/neuroesplugues.com\/es\/wp-json\/wp\/v2\/pages\/1467\/revisions"}],"predecessor-version":[{"id":1476,"href":"https:\/\/neuroesplugues.com\/es\/wp-json\/wp\/v2\/pages\/1467\/revisions\/1476"}],"up":[{"embeddable":true,"href":"https:\/\/neuroesplugues.com\/es\/wp-json\/wp\/v2\/pages\/1445"}],"wp:attachment":[{"href":"https:\/\/neuroesplugues.com\/es\/wp-json\/wp\/v2\/media?parent=1467"}],"curies":[{"name":"wp","href":"https:\/\/api.w.org\/{rel}","templated":true}]}}