{"id":1459,"date":"2022-11-28T09:14:52","date_gmt":"2022-11-28T09:14:52","guid":{"rendered":"https:\/\/neuroesplugues.com\/diagnostic-i-trancament-infantil-i-juvenil\/fisioterapia-neurologica-infantil\/"},"modified":"2022-12-21T15:21:41","modified_gmt":"2022-12-21T15:21:41","slug":"fisioterapia-neurologica-infantil","status":"publish","type":"page","link":"https:\/\/neuroesplugues.com\/es\/diagnostico-y-tratamiento-infantil-y-juvenil\/fisioterapia-neurologica-infantil\/","title":{"rendered":"Fisioterapia Neurol\u00f3gica Infantil"},"content":{"rendered":"\t\t<div data-elementor-type=\"wp-page\" data-elementor-id=\"1459\" class=\"elementor elementor-1459 elementor-142\">\n\t\t\t\t\t\t\t\t\t<section class=\"elementor-section elementor-top-section elementor-element elementor-element-2dd0010 elementor-reverse-mobile elementor-section-boxed elementor-section-height-default elementor-section-height-default\" data-id=\"2dd0010\" data-element_type=\"section\">\n\t\t\t\t\t\t<div class=\"elementor-container elementor-column-gap-default\">\n\t\t\t\t\t<div class=\"elementor-column elementor-col-50 elementor-top-column elementor-element elementor-element-8758393\" data-id=\"8758393\" data-element_type=\"column\">\n\t\t\t<div class=\"elementor-widget-wrap elementor-element-populated\">\n\t\t\t\t\t\t\t\t<div class=\"elementor-element elementor-element-bb23b22 elementor-hidden-desktop elementor-invisible elementor-widget elementor-widget-image\" data-id=\"bb23b22\" data-element_type=\"widget\" data-settings=\"{&quot;sticky&quot;:&quot;top&quot;,&quot;sticky_on&quot;:[&quot;desktop&quot;,&quot;tablet&quot;],&quot;sticky_offset&quot;:200,&quot;_animation&quot;:&quot;fadeIn&quot;,&quot;sticky_effects_offset&quot;:0}\" data-widget_type=\"image.default\">\n\t\t\t\t<div class=\"elementor-widget-container\">\n\t\t\t<style>\/*! elementor - v3.9.2 - 21-12-2022 *\/\n.elementor-widget-image{text-align:center}.elementor-widget-image a{display:inline-block}.elementor-widget-image a img[src$=\".svg\"]{width:48px}.elementor-widget-image img{vertical-align:middle;display:inline-block}<\/style>\t\t\t\t\t\t\t\t\t\t\t\t<img loading=\"lazy\" decoding=\"async\" width=\"480\" height=\"416\" src=\"https:\/\/neuroesplugues.com\/wp-content\/uploads\/2022\/11\/serveis-Fisiotera\u0300pia-Neurolo\u0300gica-responsive.png\" class=\"attachment-full size-full wp-image-331\" alt=\"\" \/>\t\t\t\t\t\t\t\t\t\t\t\t\t\t\t<\/div>\n\t\t\t\t<\/div>\n\t\t\t\t<section class=\"elementor-section elementor-inner-section elementor-element elementor-element-0080bfb elementor-hidden-tablet elementor-hidden-mobile elementor-section-boxed elementor-section-height-default elementor-section-height-default\" data-id=\"0080bfb\" data-element_type=\"section\" data-settings=\"{&quot;sticky&quot;:&quot;top&quot;,&quot;sticky_offset&quot;:200,&quot;sticky_parent&quot;:&quot;yes&quot;,&quot;sticky_on&quot;:[&quot;desktop&quot;,&quot;tablet&quot;],&quot;sticky_effects_offset&quot;:0}\">\n\t\t\t\t\t\t<div class=\"elementor-container elementor-column-gap-default\">\n\t\t\t\t\t<div class=\"elementor-column elementor-col-100 elementor-inner-column elementor-element elementor-element-01a749d\" data-id=\"01a749d\" data-element_type=\"column\">\n\t\t\t<div class=\"elementor-widget-wrap elementor-element-populated\">\n\t\t\t\t\t\t\t\t<div class=\"elementor-element elementor-element-8871711 animated-fast elementor-invisible elementor-widget elementor-widget-image\" data-id=\"8871711\" data-element_type=\"widget\" data-settings=\"{&quot;_animation&quot;:&quot;zoomIn&quot;,&quot;_animation_delay&quot;:120}\" data-widget_type=\"image.default\">\n\t\t\t\t<div class=\"elementor-widget-container\">\n\t\t\t\t\t\t\t\t\t\t\t\t\t\t\t<img loading=\"lazy\" decoding=\"async\" width=\"500\" height=\"431\" src=\"https:\/\/neuroesplugues.com\/wp-content\/uploads\/2022\/11\/serveis-Fisiotera\u0300pia-Neurolo\u0300gica-img.png\" class=\"attachment-full size-full wp-image-294\" alt=\"\" \/>\t\t\t\t\t\t\t\t\t\t\t\t\t\t\t<\/div>\n\t\t\t\t<\/div>\n\t\t\t\t<div class=\"elementor-element elementor-element-2262455 elementor-invisible elementor-widget elementor-widget-image\" data-id=\"2262455\" data-element_type=\"widget\" data-settings=\"{&quot;_animation&quot;:&quot;fadeIn&quot;,&quot;_animation_delay&quot;:100}\" data-widget_type=\"image.default\">\n\t\t\t\t<div class=\"elementor-widget-container\">\n\t\t\t\t\t\t\t\t\t\t\t\t\t\t\t<img loading=\"lazy\" decoding=\"async\" width=\"370\" height=\"322\" src=\"https:\/\/neuroesplugues.com\/wp-content\/uploads\/2022\/11\/serveis-Fisiotera\u0300pia-Neurolo\u0300gica-bg.svg\" class=\"attachment-full size-full wp-image-295\" alt=\"\" \/>\t\t\t\t\t\t\t\t\t\t\t\t\t\t\t<\/div>\n\t\t\t\t<\/div>\n\t\t\t\t\t<\/div>\n\t\t<\/div>\n\t\t\t\t\t\t\t<\/div>\n\t\t<\/section>\n\t\t\t\t\t<\/div>\n\t\t<\/div>\n\t\t\t\t<div class=\"elementor-column elementor-col-50 elementor-top-column elementor-element elementor-element-15dd1c7\" data-id=\"15dd1c7\" data-element_type=\"column\">\n\t\t\t<div class=\"elementor-widget-wrap elementor-element-populated\">\n\t\t\t\t\t\t\t\t<div class=\"elementor-element elementor-element-3091834 elementor-invisible elementor-widget elementor-widget-heading\" data-id=\"3091834\" data-element_type=\"widget\" data-settings=\"{&quot;_animation&quot;:&quot;fadeInRight&quot;}\" data-widget_type=\"heading.default\">\n\t\t\t\t<div class=\"elementor-widget-container\">\n\t\t\t<style>\/*! elementor - v3.9.2 - 21-12-2022 *\/\n.elementor-heading-title{padding:0;margin:0;line-height:1}.elementor-widget-heading .elementor-heading-title[class*=elementor-size-]>a{color:inherit;font-size:inherit;line-height:inherit}.elementor-widget-heading .elementor-heading-title.elementor-size-small{font-size:15px}.elementor-widget-heading .elementor-heading-title.elementor-size-medium{font-size:19px}.elementor-widget-heading .elementor-heading-title.elementor-size-large{font-size:29px}.elementor-widget-heading .elementor-heading-title.elementor-size-xl{font-size:39px}.elementor-widget-heading .elementor-heading-title.elementor-size-xxl{font-size:59px}<\/style><h2 class=\"elementor-heading-title elementor-size-default\">Fisioterapia Neurol\u00f3gica Infantil<\/h2>\t\t<\/div>\n\t\t\t\t<\/div>\n\t\t\t\t<div class=\"elementor-element elementor-element-9c253d8 elementor-invisible elementor-widget elementor-widget-text-editor\" data-id=\"9c253d8\" data-element_type=\"widget\" data-settings=\"{&quot;_animation&quot;:&quot;fadeInRight&quot;,&quot;_animation_delay&quot;:100}\" data-widget_type=\"text-editor.default\">\n\t\t\t\t<div class=\"elementor-widget-container\">\n\t\t\t<style>\/*! elementor - v3.9.2 - 21-12-2022 *\/\n.elementor-widget-text-editor.elementor-drop-cap-view-stacked .elementor-drop-cap{background-color:#818a91;color:#fff}.elementor-widget-text-editor.elementor-drop-cap-view-framed .elementor-drop-cap{color:#818a91;border:3px solid;background-color:transparent}.elementor-widget-text-editor:not(.elementor-drop-cap-view-default) .elementor-drop-cap{margin-top:8px}.elementor-widget-text-editor:not(.elementor-drop-cap-view-default) .elementor-drop-cap-letter{width:1em;height:1em}.elementor-widget-text-editor .elementor-drop-cap{float:left;text-align:center;line-height:1;font-size:50px}.elementor-widget-text-editor .elementor-drop-cap-letter{display:inline-block}<\/style>\t\t\t\t<p>La <strong>fisioterapia neurol\u00f3gica infantil<\/strong> valora y trata a ni\u00f1os y j\u00f3venes con un trastorno de movilidad, de sensibilidad y de control postural, debido a una lesi\u00f3n medular, neuromuscular o cerebral como la par\u00e1lisis cerebral.<\/p><p>La fisioterapeuta realiza una <strong>intervenci\u00f3n adaptada e individualizada<\/strong> a trav\u00e9s de actividades o juegos que estimulan al m\u00e1ximo sus capacidades. Se trabajan las <strong>actividades de la vida diaria<\/strong> para que el ni\u00f1o pueda mejorar su autonom\u00eda y se aconseja a los padres el tipo de ayuda que podr\u00eda necesitar <strong>en casa o en la escuela<\/strong>. Tambi\u00e9n se valoran las posibles adecuaciones como un bipedestador, andador, silla de ruedas, f\u00e9rulas de posicionamiento, f\u00e9rulas din\u00e1micas, etc.<\/p><p>Para ofrecer una adecuada estrategia de tratamiento, en nuestras sesiones utilizamos diversas t\u00e9cnicas como pueden ser el concepto Bobath, el control motor, t\u00e9cnicas neurodin\u00e1micas y terapia manual, entre otras.<\/p><p>La fisioterapeuta tiene relaci\u00f3n directa y continua con los padres del ni\u00f1o para llegar a unos objetivos comunes y para ofrecer <strong>asesoramiento, informaci\u00f3n y apoyo a las familias.<\/strong><\/p><p>La duraci\u00f3n del tratamiento es variable dependiendo de cada caso.<\/p>\t\t\t\t\t\t<\/div>\n\t\t\t\t<\/div>\n\t\t\t\t\t<\/div>\n\t\t<\/div>\n\t\t\t\t\t\t\t<\/div>\n\t\t<\/section>\n\t\t\t\t\t\t\t<\/div>\n\t\t","protected":false},"excerpt":{"rendered":"<p>La fisioterapia neurol\u00f3gica infantil valora y trata a ni\u00f1os y j\u00f3venes con un trastorno de movilidad, de sensibilidad y de control postural, debido a una lesi\u00f3n medular, neuromuscular o cerebral como la par\u00e1lisis cerebral. La fisioterapeuta realiza una intervenci\u00f3n adaptada e individualizada a trav\u00e9s de actividades o juegos que estimulan al m\u00e1ximo sus capacidades. Se [&hellip;]<\/p>\n","protected":false},"author":1,"featured_media":0,"parent":1445,"menu_order":0,"comment_status":"closed","ping_status":"closed","template":"","meta":{"footnotes":""},"class_list":["post-1459","page","type-page","status-publish","hentry"],"_links":{"self":[{"href":"https:\/\/neuroesplugues.com\/es\/wp-json\/wp\/v2\/pages\/1459","targetHints":{"allow":["GET"]}}],"collection":[{"href":"https:\/\/neuroesplugues.com\/es\/wp-json\/wp\/v2\/pages"}],"about":[{"href":"https:\/\/neuroesplugues.com\/es\/wp-json\/wp\/v2\/types\/page"}],"author":[{"embeddable":true,"href":"https:\/\/neuroesplugues.com\/es\/wp-json\/wp\/v2\/users\/1"}],"replies":[{"embeddable":true,"href":"https:\/\/neuroesplugues.com\/es\/wp-json\/wp\/v2\/comments?post=1459"}],"version-history":[{"count":3,"href":"https:\/\/neuroesplugues.com\/es\/wp-json\/wp\/v2\/pages\/1459\/revisions"}],"predecessor-version":[{"id":1465,"href":"https:\/\/neuroesplugues.com\/es\/wp-json\/wp\/v2\/pages\/1459\/revisions\/1465"}],"up":[{"embeddable":true,"href":"https:\/\/neuroesplugues.com\/es\/wp-json\/wp\/v2\/pages\/1445"}],"wp:attachment":[{"href":"https:\/\/neuroesplugues.com\/es\/wp-json\/wp\/v2\/media?parent=1459"}],"curies":[{"name":"wp","href":"https:\/\/api.w.org\/{rel}","templated":true}]}}