{"id":1431,"date":"2022-11-29T08:38:14","date_gmt":"2022-11-29T08:38:14","guid":{"rendered":"https:\/\/neuroesplugues.com\/diagnostico-y-tratamiento-de-adultos\/neuropsicologia\/"},"modified":"2022-12-21T15:05:42","modified_gmt":"2022-12-21T15:05:42","slug":"neuropsicologia","status":"publish","type":"page","link":"https:\/\/neuroesplugues.com\/es\/diagnostico-y-tratamiento-de-adultos\/neuropsicologia\/","title":{"rendered":"Neuropsicolog\u00eda"},"content":{"rendered":"\t\t<div data-elementor-type=\"wp-page\" data-elementor-id=\"1431\" class=\"elementor elementor-1431 elementor-389\">\n\t\t\t\t\t\t\t\t\t<section class=\"elementor-section elementor-top-section elementor-element elementor-element-3bfdc3a elementor-reverse-mobile elementor-section-boxed elementor-section-height-default elementor-section-height-default\" data-id=\"3bfdc3a\" data-element_type=\"section\">\n\t\t\t\t\t\t<div class=\"elementor-container elementor-column-gap-default\">\n\t\t\t\t\t<div class=\"elementor-column elementor-col-50 elementor-top-column elementor-element elementor-element-1177cf0\" data-id=\"1177cf0\" data-element_type=\"column\">\n\t\t\t<div class=\"elementor-widget-wrap elementor-element-populated\">\n\t\t\t\t\t\t\t\t<div class=\"elementor-element elementor-element-8af0e94 elementor-hidden-desktop elementor-invisible elementor-widget elementor-widget-image\" data-id=\"8af0e94\" data-element_type=\"widget\" data-settings=\"{&quot;sticky&quot;:&quot;top&quot;,&quot;sticky_on&quot;:[&quot;desktop&quot;,&quot;tablet&quot;],&quot;sticky_offset&quot;:200,&quot;_animation&quot;:&quot;fadeIn&quot;,&quot;sticky_effects_offset&quot;:0}\" data-widget_type=\"image.default\">\n\t\t\t\t<div class=\"elementor-widget-container\">\n\t\t\t<style>\/*! elementor - v3.9.2 - 21-12-2022 *\/\n.elementor-widget-image{text-align:center}.elementor-widget-image a{display:inline-block}.elementor-widget-image a img[src$=\".svg\"]{width:48px}.elementor-widget-image img{vertical-align:middle;display:inline-block}<\/style>\t\t\t\t\t\t\t\t\t\t\t\t<img loading=\"lazy\" decoding=\"async\" width=\"480\" height=\"434\" src=\"https:\/\/neuroesplugues.com\/wp-content\/uploads\/2022\/11\/adults-serveis-neuropsicologia-responsive.png\" class=\"attachment-full size-full wp-image-435\" alt=\"\" \/>\t\t\t\t\t\t\t\t\t\t\t\t\t\t\t<\/div>\n\t\t\t\t<\/div>\n\t\t\t\t<section class=\"elementor-section elementor-inner-section elementor-element elementor-element-1bf5e10 elementor-hidden-tablet elementor-hidden-mobile elementor-section-boxed elementor-section-height-default elementor-section-height-default\" data-id=\"1bf5e10\" data-element_type=\"section\" data-settings=\"{&quot;sticky&quot;:&quot;top&quot;,&quot;sticky_offset&quot;:200,&quot;sticky_parent&quot;:&quot;yes&quot;,&quot;sticky_on&quot;:[&quot;desktop&quot;,&quot;tablet&quot;],&quot;sticky_effects_offset&quot;:0}\">\n\t\t\t\t\t\t<div class=\"elementor-container elementor-column-gap-default\">\n\t\t\t\t\t<div class=\"elementor-column elementor-col-100 elementor-inner-column elementor-element elementor-element-6ed477f\" data-id=\"6ed477f\" data-element_type=\"column\">\n\t\t\t<div class=\"elementor-widget-wrap elementor-element-populated\">\n\t\t\t\t\t\t\t\t<div class=\"elementor-element elementor-element-7ccc821 animated-fast elementor-invisible elementor-widget elementor-widget-image\" data-id=\"7ccc821\" data-element_type=\"widget\" data-settings=\"{&quot;_animation&quot;:&quot;zoomIn&quot;,&quot;_animation_delay&quot;:120}\" data-widget_type=\"image.default\">\n\t\t\t\t<div class=\"elementor-widget-container\">\n\t\t\t\t\t\t\t\t\t\t\t\t\t\t\t<img loading=\"lazy\" decoding=\"async\" width=\"500\" height=\"435\" src=\"https:\/\/neuroesplugues.com\/wp-content\/uploads\/2022\/11\/adults-serveis-neuropsicologia-img.png\" class=\"attachment-full size-full wp-image-434\" alt=\"\" \/>\t\t\t\t\t\t\t\t\t\t\t\t\t\t\t<\/div>\n\t\t\t\t<\/div>\n\t\t\t\t<div class=\"elementor-element elementor-element-041a8a2 elementor-invisible elementor-widget elementor-widget-image\" data-id=\"041a8a2\" data-element_type=\"widget\" data-settings=\"{&quot;_animation&quot;:&quot;fadeIn&quot;,&quot;_animation_delay&quot;:100}\" data-widget_type=\"image.default\">\n\t\t\t\t<div class=\"elementor-widget-container\">\n\t\t\t\t\t\t\t\t\t\t\t\t\t\t\t<img loading=\"lazy\" decoding=\"async\" width=\"343\" height=\"318\" src=\"https:\/\/neuroesplugues.com\/wp-content\/uploads\/2022\/11\/adults-serveis-neuropsicologia-bg.svg\" class=\"attachment-full size-full wp-image-433\" alt=\"\" \/>\t\t\t\t\t\t\t\t\t\t\t\t\t\t\t<\/div>\n\t\t\t\t<\/div>\n\t\t\t\t\t<\/div>\n\t\t<\/div>\n\t\t\t\t\t\t\t<\/div>\n\t\t<\/section>\n\t\t\t\t\t<\/div>\n\t\t<\/div>\n\t\t\t\t<div class=\"elementor-column elementor-col-50 elementor-top-column elementor-element elementor-element-12d7a8d\" data-id=\"12d7a8d\" data-element_type=\"column\">\n\t\t\t<div class=\"elementor-widget-wrap elementor-element-populated\">\n\t\t\t\t\t\t\t\t<div class=\"elementor-element elementor-element-3b38505 elementor-invisible elementor-widget elementor-widget-heading\" data-id=\"3b38505\" data-element_type=\"widget\" data-settings=\"{&quot;_animation&quot;:&quot;fadeInRight&quot;}\" data-widget_type=\"heading.default\">\n\t\t\t\t<div class=\"elementor-widget-container\">\n\t\t\t<style>\/*! elementor - v3.9.2 - 21-12-2022 *\/\n.elementor-heading-title{padding:0;margin:0;line-height:1}.elementor-widget-heading .elementor-heading-title[class*=elementor-size-]>a{color:inherit;font-size:inherit;line-height:inherit}.elementor-widget-heading .elementor-heading-title.elementor-size-small{font-size:15px}.elementor-widget-heading .elementor-heading-title.elementor-size-medium{font-size:19px}.elementor-widget-heading .elementor-heading-title.elementor-size-large{font-size:29px}.elementor-widget-heading .elementor-heading-title.elementor-size-xl{font-size:39px}.elementor-widget-heading .elementor-heading-title.elementor-size-xxl{font-size:59px}<\/style><h2 class=\"elementor-heading-title elementor-size-default\">Neuropsicolog\u00eda<\/h2>\t\t<\/div>\n\t\t\t\t<\/div>\n\t\t\t\t<div class=\"elementor-element elementor-element-6d039e8 elementor-invisible elementor-widget elementor-widget-text-editor\" data-id=\"6d039e8\" data-element_type=\"widget\" data-settings=\"{&quot;_animation&quot;:&quot;fadeInRight&quot;,&quot;_animation_delay&quot;:100}\" data-widget_type=\"text-editor.default\">\n\t\t\t\t<div class=\"elementor-widget-container\">\n\t\t\t<style>\/*! elementor - v3.9.2 - 21-12-2022 *\/\n.elementor-widget-text-editor.elementor-drop-cap-view-stacked .elementor-drop-cap{background-color:#818a91;color:#fff}.elementor-widget-text-editor.elementor-drop-cap-view-framed .elementor-drop-cap{color:#818a91;border:3px solid;background-color:transparent}.elementor-widget-text-editor:not(.elementor-drop-cap-view-default) .elementor-drop-cap{margin-top:8px}.elementor-widget-text-editor:not(.elementor-drop-cap-view-default) .elementor-drop-cap-letter{width:1em;height:1em}.elementor-widget-text-editor .elementor-drop-cap{float:left;text-align:center;line-height:1;font-size:50px}.elementor-widget-text-editor .elementor-drop-cap-letter{display:inline-block}<\/style>\t\t\t\t<p><strong>La neuropsicolog\u00eda<\/strong> es la rama de la neurociencia que estudia las relaciones entre el cerebro y la conducta tanto en personas sanas como en aquellas que han sufrido alg\u00fan da\u00f1o cerebral.<\/p><p><strong>La evaluaci\u00f3n neuropsicol\u00f3gica<\/strong> tiene como objetivo explorar la conducta, el estado de \u00e1nimo y las funciones cognitivas (atenci\u00f3n, memoria, lenguaje, funciones ejecutivas, etc.) de una persona, para realizar un diagn\u00f3stico o una descripci\u00f3n del perfil observado, as\u00ed como para hacer un seguimiento de su evoluci\u00f3n. Con esta evaluaci\u00f3n observamos los puntos fuertes y d\u00e9biles de la persona y podemos establecer un plan de intervenci\u00f3n adecuado e individualizado.<\/p><p>Con <strong>la rehabilitaci\u00f3n neuropsicol\u00f3gica<\/strong> pretendemos conseguir la m\u00e1xima funcionalidad, autonom\u00eda y bienestar del paciente, as\u00ed como mejorar su autoestima. En algunos casos trabajamos para rehabilitar un aspecto alterado y en otros casos lo que pretendemos es mantener las capacidades preservadas el m\u00e1ximo tiempo posible y retrasar al m\u00e1ximo el deterioro de esta persona.<\/p><p>Los planes de tratamiento consisten en:<\/p><p><strong>Rehabilitaci\u00f3n de las funciones cognitivas<\/strong><\/p><ul><li>Rehabilitaci\u00f3n de la funci\u00f3n afectada mediante la estimulaci\u00f3n cognitiva.<\/li><li>Facilitaci\u00f3n de estrategias compensatorias y de ayudas externas.<\/li><li>Adaptaci\u00f3n del entorno.<\/li><\/ul><p><strong><br \/>Intervenci\u00f3n en aspectos conductuales y emocionales<\/strong><\/p><ul><li>Pautas de manejo conductual (agresividad, impulsividad, apat\u00eda, falta de motivaci\u00f3n, &#8230;) y modificaci\u00f3n de conducta.<\/li><li>Trabajo de las habilidades sociales.<\/li><li>Apoyo y soporte emocional (<em>Si detectamos un trastorno psicol\u00f3gico grave se derivar\u00e1 a la secci\u00f3n de psicolog\u00eda cl\u00ednica del centro para su evaluaci\u00f3n y tratamiento).<\/em><\/li><\/ul><p><em>\u00a0<br \/><\/em><strong>Coordinaci\u00f3n con el entorno del paciente: <\/strong><\/p><ul><li>Seguimiento y contacto peri\u00f3dico con otros profesionales que atienden al paciente (psiquiatras, psic\u00f3logos, terapeutas ocupacionales, etc.).<\/li><li>Asesoramiento, informaci\u00f3n y apoyo a las familias.<\/li><\/ul><p><em>\u00a0<br \/><\/em>Los planes de intervenci\u00f3n pueden ser:<\/p><ul><li><strong>Individuales<\/strong>: sesi\u00f3n donde se trabaja de forma individualizada y adaptada a la persona.<\/li><li><strong>Grupales<\/strong>: sesiones donde se trabaja en grupo (m\u00e1ximo 5 personas). Grupos que comparten caracter\u00edsticas cl\u00ednicas, cognitivas, conductuales, emocionales y edades similares.<\/li><\/ul><p><br \/>La duraci\u00f3n del tratamiento es variable dependiendo de cada caso.<\/p>\t\t\t\t\t\t<\/div>\n\t\t\t\t<\/div>\n\t\t\t\t\t<\/div>\n\t\t<\/div>\n\t\t\t\t\t\t\t<\/div>\n\t\t<\/section>\n\t\t\t\t\t\t\t<\/div>\n\t\t","protected":false},"excerpt":{"rendered":"<p>La neuropsicolog\u00eda es la rama de la neurociencia que estudia las relaciones entre el cerebro y la conducta tanto en personas sanas como en aquellas que han sufrido alg\u00fan da\u00f1o cerebral. La evaluaci\u00f3n neuropsicol\u00f3gica tiene como objetivo explorar la conducta, el estado de \u00e1nimo y las funciones cognitivas (atenci\u00f3n, memoria, lenguaje, funciones ejecutivas, etc.) de [&hellip;]<\/p>\n","protected":false},"author":1,"featured_media":0,"parent":1393,"menu_order":0,"comment_status":"closed","ping_status":"closed","template":"","meta":{"footnotes":""},"class_list":["post-1431","page","type-page","status-publish","hentry"],"_links":{"self":[{"href":"https:\/\/neuroesplugues.com\/es\/wp-json\/wp\/v2\/pages\/1431","targetHints":{"allow":["GET"]}}],"collection":[{"href":"https:\/\/neuroesplugues.com\/es\/wp-json\/wp\/v2\/pages"}],"about":[{"href":"https:\/\/neuroesplugues.com\/es\/wp-json\/wp\/v2\/types\/page"}],"author":[{"embeddable":true,"href":"https:\/\/neuroesplugues.com\/es\/wp-json\/wp\/v2\/users\/1"}],"replies":[{"embeddable":true,"href":"https:\/\/neuroesplugues.com\/es\/wp-json\/wp\/v2\/comments?post=1431"}],"version-history":[{"count":3,"href":"https:\/\/neuroesplugues.com\/es\/wp-json\/wp\/v2\/pages\/1431\/revisions"}],"predecessor-version":[{"id":1437,"href":"https:\/\/neuroesplugues.com\/es\/wp-json\/wp\/v2\/pages\/1431\/revisions\/1437"}],"up":[{"embeddable":true,"href":"https:\/\/neuroesplugues.com\/es\/wp-json\/wp\/v2\/pages\/1393"}],"wp:attachment":[{"href":"https:\/\/neuroesplugues.com\/es\/wp-json\/wp\/v2\/media?parent=1431"}],"curies":[{"name":"wp","href":"https:\/\/api.w.org\/{rel}","templated":true}]}}