{"id":1424,"date":"2022-11-29T08:37:53","date_gmt":"2022-11-29T08:37:53","guid":{"rendered":"https:\/\/neuroesplugues.com\/diagnostico-y-tratamiento-de-adultos\/logopedia\/"},"modified":"2022-12-21T15:04:00","modified_gmt":"2022-12-21T15:04:00","slug":"logopedia","status":"publish","type":"page","link":"https:\/\/neuroesplugues.com\/es\/diagnostico-y-tratamiento-de-adultos\/logopedia\/","title":{"rendered":"Logopedia"},"content":{"rendered":"\t\t<div data-elementor-type=\"wp-page\" data-elementor-id=\"1424\" class=\"elementor elementor-1424 elementor-387\">\n\t\t\t\t\t\t\t\t\t<section class=\"elementor-section elementor-top-section elementor-element elementor-element-0dcd0b9 elementor-reverse-mobile elementor-section-boxed elementor-section-height-default elementor-section-height-default\" data-id=\"0dcd0b9\" data-element_type=\"section\">\n\t\t\t\t\t\t<div class=\"elementor-container elementor-column-gap-default\">\n\t\t\t\t\t<div class=\"elementor-column elementor-col-50 elementor-top-column elementor-element elementor-element-16816a6\" data-id=\"16816a6\" data-element_type=\"column\">\n\t\t\t<div class=\"elementor-widget-wrap elementor-element-populated\">\n\t\t\t\t\t\t\t\t<div class=\"elementor-element elementor-element-9750531 elementor-hidden-desktop elementor-invisible elementor-widget elementor-widget-image\" data-id=\"9750531\" data-element_type=\"widget\" data-settings=\"{&quot;sticky&quot;:&quot;top&quot;,&quot;sticky_on&quot;:[&quot;desktop&quot;,&quot;tablet&quot;],&quot;sticky_offset&quot;:200,&quot;_animation&quot;:&quot;fadeIn&quot;,&quot;sticky_effects_offset&quot;:0}\" data-widget_type=\"image.default\">\n\t\t\t\t<div class=\"elementor-widget-container\">\n\t\t\t<style>\/*! elementor - v3.9.2 - 21-12-2022 *\/\n.elementor-widget-image{text-align:center}.elementor-widget-image a{display:inline-block}.elementor-widget-image a img[src$=\".svg\"]{width:48px}.elementor-widget-image img{vertical-align:middle;display:inline-block}<\/style>\t\t\t\t\t\t\t\t\t\t\t\t<img loading=\"lazy\" decoding=\"async\" width=\"480\" height=\"376\" src=\"https:\/\/neuroesplugues.com\/wp-content\/uploads\/2022\/11\/adults-serveis-logopedia-responsive.png\" class=\"attachment-full size-full wp-image-429\" alt=\"\" \/>\t\t\t\t\t\t\t\t\t\t\t\t\t\t\t<\/div>\n\t\t\t\t<\/div>\n\t\t\t\t<section class=\"elementor-section elementor-inner-section elementor-element elementor-element-28d5ff5 elementor-hidden-tablet elementor-hidden-mobile elementor-section-boxed elementor-section-height-default elementor-section-height-default\" data-id=\"28d5ff5\" data-element_type=\"section\" data-settings=\"{&quot;sticky&quot;:&quot;top&quot;,&quot;sticky_offset&quot;:200,&quot;sticky_parent&quot;:&quot;yes&quot;,&quot;sticky_on&quot;:[&quot;desktop&quot;,&quot;tablet&quot;],&quot;sticky_effects_offset&quot;:0}\">\n\t\t\t\t\t\t<div class=\"elementor-container elementor-column-gap-default\">\n\t\t\t\t\t<div class=\"elementor-column elementor-col-100 elementor-inner-column elementor-element elementor-element-039b957\" data-id=\"039b957\" data-element_type=\"column\">\n\t\t\t<div class=\"elementor-widget-wrap elementor-element-populated\">\n\t\t\t\t\t\t\t\t<div class=\"elementor-element elementor-element-0a868e4 animated-fast elementor-invisible elementor-widget elementor-widget-image\" data-id=\"0a868e4\" data-element_type=\"widget\" data-settings=\"{&quot;_animation&quot;:&quot;zoomIn&quot;,&quot;_animation_delay&quot;:120}\" data-widget_type=\"image.default\">\n\t\t\t\t<div class=\"elementor-widget-container\">\n\t\t\t\t\t\t\t\t\t\t\t\t\t\t\t<img loading=\"lazy\" decoding=\"async\" width=\"500\" height=\"387\" src=\"https:\/\/neuroesplugues.com\/wp-content\/uploads\/2022\/11\/adults-serveis-logopedia-img.png\" class=\"attachment-full size-full wp-image-428\" alt=\"\" \/>\t\t\t\t\t\t\t\t\t\t\t\t\t\t\t<\/div>\n\t\t\t\t<\/div>\n\t\t\t\t<div class=\"elementor-element elementor-element-5cd174a elementor-invisible elementor-widget elementor-widget-image\" data-id=\"5cd174a\" data-element_type=\"widget\" data-settings=\"{&quot;_animation&quot;:&quot;fadeIn&quot;,&quot;_animation_delay&quot;:100}\" data-widget_type=\"image.default\">\n\t\t\t\t<div class=\"elementor-widget-container\">\n\t\t\t\t\t\t\t\t\t\t\t\t\t\t\t<img loading=\"lazy\" decoding=\"async\" width=\"417\" height=\"297\" src=\"https:\/\/neuroesplugues.com\/wp-content\/uploads\/2022\/11\/adults-serveis-logopedia-bg.svg\" class=\"attachment-full size-full wp-image-427\" alt=\"\" \/>\t\t\t\t\t\t\t\t\t\t\t\t\t\t\t<\/div>\n\t\t\t\t<\/div>\n\t\t\t\t\t<\/div>\n\t\t<\/div>\n\t\t\t\t\t\t\t<\/div>\n\t\t<\/section>\n\t\t\t\t\t<\/div>\n\t\t<\/div>\n\t\t\t\t<div class=\"elementor-column elementor-col-50 elementor-top-column elementor-element elementor-element-050790a\" data-id=\"050790a\" data-element_type=\"column\">\n\t\t\t<div class=\"elementor-widget-wrap elementor-element-populated\">\n\t\t\t\t\t\t\t\t<div class=\"elementor-element elementor-element-f4bd295 elementor-invisible elementor-widget elementor-widget-heading\" data-id=\"f4bd295\" data-element_type=\"widget\" data-settings=\"{&quot;_animation&quot;:&quot;fadeInRight&quot;}\" data-widget_type=\"heading.default\">\n\t\t\t\t<div class=\"elementor-widget-container\">\n\t\t\t<style>\/*! elementor - v3.9.2 - 21-12-2022 *\/\n.elementor-heading-title{padding:0;margin:0;line-height:1}.elementor-widget-heading .elementor-heading-title[class*=elementor-size-]>a{color:inherit;font-size:inherit;line-height:inherit}.elementor-widget-heading .elementor-heading-title.elementor-size-small{font-size:15px}.elementor-widget-heading .elementor-heading-title.elementor-size-medium{font-size:19px}.elementor-widget-heading .elementor-heading-title.elementor-size-large{font-size:29px}.elementor-widget-heading .elementor-heading-title.elementor-size-xl{font-size:39px}.elementor-widget-heading .elementor-heading-title.elementor-size-xxl{font-size:59px}<\/style><h2 class=\"elementor-heading-title elementor-size-default\">Logopedia<\/h2>\t\t<\/div>\n\t\t\t\t<\/div>\n\t\t\t\t<div class=\"elementor-element elementor-element-0ac4c3f elementor-invisible elementor-widget elementor-widget-text-editor\" data-id=\"0ac4c3f\" data-element_type=\"widget\" data-settings=\"{&quot;_animation&quot;:&quot;fadeInRight&quot;,&quot;_animation_delay&quot;:100}\" data-widget_type=\"text-editor.default\">\n\t\t\t\t<div class=\"elementor-widget-container\">\n\t\t\t<style>\/*! elementor - v3.9.2 - 21-12-2022 *\/\n.elementor-widget-text-editor.elementor-drop-cap-view-stacked .elementor-drop-cap{background-color:#818a91;color:#fff}.elementor-widget-text-editor.elementor-drop-cap-view-framed .elementor-drop-cap{color:#818a91;border:3px solid;background-color:transparent}.elementor-widget-text-editor:not(.elementor-drop-cap-view-default) .elementor-drop-cap{margin-top:8px}.elementor-widget-text-editor:not(.elementor-drop-cap-view-default) .elementor-drop-cap-letter{width:1em;height:1em}.elementor-widget-text-editor .elementor-drop-cap{float:left;text-align:center;line-height:1;font-size:50px}.elementor-widget-text-editor .elementor-drop-cap-letter{display:inline-block}<\/style>\t\t\t\t<p>La <strong>logopedia<\/strong> es la disciplina que eval\u00faa y trata los trastornos que afectan a la voz, el habla, el lenguaje oral y escrito y las alteraciones orofaciales.<\/p><p>Cuando es necesario, aplicamos sistemas alternativos y\/o aumentativos de la comunicaci\u00f3n para favorecer la adquisici\u00f3n comunicativa y funcionalidad de la misma.<\/p><p>Las diferentes \u00e1reas que atiende un logopeda son:<\/p><p><strong>Alteraciones del lenguaje:<\/strong><\/p><ul><li>Alteraci\u00f3n ling\u00fc\u00edstica global, mutismo, afasia, alexia, agrafia.<br \/><br \/><\/li><\/ul><p><strong>Alteraciones del habla:<\/strong><\/p><ul><li>Disartria, apraxia, aprosodia.<br \/><br \/><\/li><\/ul><p><strong>Alteraciones de la voz:<\/strong><\/p><ul><li>Disfon\u00edas.<\/li><li>Afon\u00edas.<br \/><br \/><\/li><\/ul><p><strong>Alteraciones orofaciales:<\/strong><\/p><ul><li>Alteraciones de la degluci\u00f3n, masticaci\u00f3n, oclusi\u00f3n, cierre de labios, respiraci\u00f3n y articulaci\u00f3n.<br \/><br \/><\/li><\/ul><p>La logopeda trabaja de manera estrecha con el entorno del paciente, ofreciendo <strong>asesoramiento, informaci\u00f3n y apoyo a las familias<\/strong>.<\/p>\t\t\t\t\t\t<\/div>\n\t\t\t\t<\/div>\n\t\t\t\t\t<\/div>\n\t\t<\/div>\n\t\t\t\t\t\t\t<\/div>\n\t\t<\/section>\n\t\t\t\t\t\t\t<\/div>\n\t\t","protected":false},"excerpt":{"rendered":"<p>La logopedia es la disciplina que eval\u00faa y trata los trastornos que afectan a la voz, el habla, el lenguaje oral y escrito y las alteraciones orofaciales. Cuando es necesario, aplicamos sistemas alternativos y\/o aumentativos de la comunicaci\u00f3n para favorecer la adquisici\u00f3n comunicativa y funcionalidad de la misma. Las diferentes \u00e1reas que atiende un logopeda [&hellip;]<\/p>\n","protected":false},"author":1,"featured_media":0,"parent":1393,"menu_order":0,"comment_status":"closed","ping_status":"closed","template":"","meta":{"footnotes":""},"class_list":["post-1424","page","type-page","status-publish","hentry"],"_links":{"self":[{"href":"https:\/\/neuroesplugues.com\/es\/wp-json\/wp\/v2\/pages\/1424","targetHints":{"allow":["GET"]}}],"collection":[{"href":"https:\/\/neuroesplugues.com\/es\/wp-json\/wp\/v2\/pages"}],"about":[{"href":"https:\/\/neuroesplugues.com\/es\/wp-json\/wp\/v2\/types\/page"}],"author":[{"embeddable":true,"href":"https:\/\/neuroesplugues.com\/es\/wp-json\/wp\/v2\/users\/1"}],"replies":[{"embeddable":true,"href":"https:\/\/neuroesplugues.com\/es\/wp-json\/wp\/v2\/comments?post=1424"}],"version-history":[{"count":5,"href":"https:\/\/neuroesplugues.com\/es\/wp-json\/wp\/v2\/pages\/1424\/revisions"}],"predecessor-version":[{"id":1430,"href":"https:\/\/neuroesplugues.com\/es\/wp-json\/wp\/v2\/pages\/1424\/revisions\/1430"}],"up":[{"embeddable":true,"href":"https:\/\/neuroesplugues.com\/es\/wp-json\/wp\/v2\/pages\/1393"}],"wp:attachment":[{"href":"https:\/\/neuroesplugues.com\/es\/wp-json\/wp\/v2\/media?parent=1424"}],"curies":[{"name":"wp","href":"https:\/\/api.w.org\/{rel}","templated":true}]}}