{"id":1404,"date":"2022-11-28T15:14:39","date_gmt":"2022-11-28T15:14:39","guid":{"rendered":"https:\/\/neuroesplugues.com\/diagnostico-y-tratamiento-de-adultos\/fisioterapia-neurologica\/"},"modified":"2022-12-21T15:01:42","modified_gmt":"2022-12-21T15:01:42","slug":"fisioterapia-neurologica","status":"publish","type":"page","link":"https:\/\/neuroesplugues.com\/es\/diagnostico-y-tratamiento-de-adultos\/fisioterapia-neurologica\/","title":{"rendered":"Fisioterapia Neurol\u00f3gica"},"content":{"rendered":"\t\t<div data-elementor-type=\"wp-page\" data-elementor-id=\"1404\" class=\"elementor elementor-1404 elementor-370\">\n\t\t\t\t\t\t\t\t\t<section class=\"elementor-section elementor-top-section elementor-element elementor-element-16778c5 elementor-reverse-mobile elementor-section-boxed elementor-section-height-default elementor-section-height-default\" data-id=\"16778c5\" data-element_type=\"section\">\n\t\t\t\t\t\t<div class=\"elementor-container elementor-column-gap-default\">\n\t\t\t\t\t<div class=\"elementor-column elementor-col-50 elementor-top-column elementor-element elementor-element-8972b68\" data-id=\"8972b68\" data-element_type=\"column\">\n\t\t\t<div class=\"elementor-widget-wrap elementor-element-populated\">\n\t\t\t\t\t\t\t\t<div class=\"elementor-element elementor-element-4f288ba elementor-hidden-desktop elementor-invisible elementor-widget elementor-widget-image\" data-id=\"4f288ba\" data-element_type=\"widget\" data-settings=\"{&quot;sticky&quot;:&quot;top&quot;,&quot;sticky_on&quot;:[&quot;desktop&quot;,&quot;tablet&quot;],&quot;sticky_offset&quot;:200,&quot;_animation&quot;:&quot;fadeIn&quot;,&quot;sticky_effects_offset&quot;:0}\" data-widget_type=\"image.default\">\n\t\t\t\t<div class=\"elementor-widget-container\">\n\t\t\t<style>\/*! elementor - v3.9.2 - 21-12-2022 *\/\n.elementor-widget-image{text-align:center}.elementor-widget-image a{display:inline-block}.elementor-widget-image a img[src$=\".svg\"]{width:48px}.elementor-widget-image img{vertical-align:middle;display:inline-block}<\/style>\t\t\t\t\t\t\t\t\t\t\t\t<img loading=\"lazy\" decoding=\"async\" width=\"480\" height=\"416\" src=\"https:\/\/neuroesplugues.com\/wp-content\/uploads\/2022\/11\/adults-serveis-Fisiotera\u0300pia-responsive.png\" class=\"attachment-full size-full wp-image-419\" alt=\"\" \/>\t\t\t\t\t\t\t\t\t\t\t\t\t\t\t<\/div>\n\t\t\t\t<\/div>\n\t\t\t\t<section class=\"elementor-section elementor-inner-section elementor-element elementor-element-f0d69a6 elementor-hidden-tablet elementor-hidden-mobile elementor-section-boxed elementor-section-height-default elementor-section-height-default\" data-id=\"f0d69a6\" data-element_type=\"section\" data-settings=\"{&quot;sticky&quot;:&quot;top&quot;,&quot;sticky_offset&quot;:200,&quot;sticky_parent&quot;:&quot;yes&quot;,&quot;sticky_on&quot;:[&quot;desktop&quot;,&quot;tablet&quot;],&quot;sticky_effects_offset&quot;:0}\">\n\t\t\t\t\t\t<div class=\"elementor-container elementor-column-gap-default\">\n\t\t\t\t\t<div class=\"elementor-column elementor-col-100 elementor-inner-column elementor-element elementor-element-8109a47\" data-id=\"8109a47\" data-element_type=\"column\">\n\t\t\t<div class=\"elementor-widget-wrap elementor-element-populated\">\n\t\t\t\t\t\t\t\t<div class=\"elementor-element elementor-element-bc9e6b9 animated-fast elementor-invisible elementor-widget elementor-widget-image\" data-id=\"bc9e6b9\" data-element_type=\"widget\" data-settings=\"{&quot;_animation&quot;:&quot;zoomIn&quot;,&quot;_animation_delay&quot;:120}\" data-widget_type=\"image.default\">\n\t\t\t\t<div class=\"elementor-widget-container\">\n\t\t\t\t\t\t\t\t\t\t\t\t\t\t\t<img loading=\"lazy\" decoding=\"async\" width=\"500\" height=\"410\" src=\"https:\/\/neuroesplugues.com\/wp-content\/uploads\/2022\/11\/adults-serveis-Fisiotera\u0300pia-img.png\" class=\"attachment-full size-full wp-image-417\" alt=\"\" \/>\t\t\t\t\t\t\t\t\t\t\t\t\t\t\t<\/div>\n\t\t\t\t<\/div>\n\t\t\t\t<div class=\"elementor-element elementor-element-eaa91ba elementor-invisible elementor-widget elementor-widget-image\" data-id=\"eaa91ba\" data-element_type=\"widget\" data-settings=\"{&quot;_animation&quot;:&quot;fadeIn&quot;,&quot;_animation_delay&quot;:100}\" data-widget_type=\"image.default\">\n\t\t\t\t<div class=\"elementor-widget-container\">\n\t\t\t\t\t\t\t\t\t\t\t\t\t\t\t<img loading=\"lazy\" decoding=\"async\" width=\"370\" height=\"322\" src=\"https:\/\/neuroesplugues.com\/wp-content\/uploads\/2022\/11\/adults-serveis-Fisiotera\u0300pia-bg.svg\" class=\"attachment-full size-full wp-image-418\" alt=\"\" \/>\t\t\t\t\t\t\t\t\t\t\t\t\t\t\t<\/div>\n\t\t\t\t<\/div>\n\t\t\t\t\t<\/div>\n\t\t<\/div>\n\t\t\t\t\t\t\t<\/div>\n\t\t<\/section>\n\t\t\t\t\t<\/div>\n\t\t<\/div>\n\t\t\t\t<div class=\"elementor-column elementor-col-50 elementor-top-column elementor-element elementor-element-2d099af\" data-id=\"2d099af\" data-element_type=\"column\">\n\t\t\t<div class=\"elementor-widget-wrap elementor-element-populated\">\n\t\t\t\t\t\t\t\t<div class=\"elementor-element elementor-element-e815fa5 elementor-invisible elementor-widget elementor-widget-heading\" data-id=\"e815fa5\" data-element_type=\"widget\" data-settings=\"{&quot;_animation&quot;:&quot;fadeInRight&quot;}\" data-widget_type=\"heading.default\">\n\t\t\t\t<div class=\"elementor-widget-container\">\n\t\t\t<style>\/*! elementor - v3.9.2 - 21-12-2022 *\/\n.elementor-heading-title{padding:0;margin:0;line-height:1}.elementor-widget-heading .elementor-heading-title[class*=elementor-size-]>a{color:inherit;font-size:inherit;line-height:inherit}.elementor-widget-heading .elementor-heading-title.elementor-size-small{font-size:15px}.elementor-widget-heading .elementor-heading-title.elementor-size-medium{font-size:19px}.elementor-widget-heading .elementor-heading-title.elementor-size-large{font-size:29px}.elementor-widget-heading .elementor-heading-title.elementor-size-xl{font-size:39px}.elementor-widget-heading .elementor-heading-title.elementor-size-xxl{font-size:59px}<\/style><h2 class=\"elementor-heading-title elementor-size-default\">Fisioterapia Neurol\u00f3gica<\/h2>\t\t<\/div>\n\t\t\t\t<\/div>\n\t\t\t\t<div class=\"elementor-element elementor-element-53f5232 elementor-invisible elementor-widget elementor-widget-text-editor\" data-id=\"53f5232\" data-element_type=\"widget\" data-settings=\"{&quot;_animation&quot;:&quot;fadeInRight&quot;,&quot;_animation_delay&quot;:100}\" data-widget_type=\"text-editor.default\">\n\t\t\t\t<div class=\"elementor-widget-container\">\n\t\t\t<style>\/*! elementor - v3.9.2 - 21-12-2022 *\/\n.elementor-widget-text-editor.elementor-drop-cap-view-stacked .elementor-drop-cap{background-color:#818a91;color:#fff}.elementor-widget-text-editor.elementor-drop-cap-view-framed .elementor-drop-cap{color:#818a91;border:3px solid;background-color:transparent}.elementor-widget-text-editor:not(.elementor-drop-cap-view-default) .elementor-drop-cap{margin-top:8px}.elementor-widget-text-editor:not(.elementor-drop-cap-view-default) .elementor-drop-cap-letter{width:1em;height:1em}.elementor-widget-text-editor .elementor-drop-cap{float:left;text-align:center;line-height:1;font-size:50px}.elementor-widget-text-editor .elementor-drop-cap-letter{display:inline-block}<\/style>\t\t\t\t<p>La <strong>fisioterapia neurol\u00f3gica<\/strong> valora y trata a personas con un trastorno de movilidad, de sensibilidad y de control postural, debido a una lesi\u00f3n cerebral, medular o neuromuscular.<\/p><p>Estas lesiones pueden ser debido a traumatismos craneoencef\u00e1licos, ictus, enfermedades neurodegenerativas (Esclerosis M\u00faltiple, Parkinson, ataxias, etc.) u otros trastornos del sistema nervioso central o perif\u00e9rico.<\/p><p>Se trabaja especialmente el equilibrio, la calidad del movimiento y las alteraciones del tono muscular como puede ser la espasticidad. En los tratamientos se observa la globalidad del paciente adapt\u00e1ndonos a sus necesidades y cuyos objetivos se ir\u00e1n modificando en funci\u00f3n de su evoluci\u00f3n: problemas de movimiento en las actividades de la vida diaria, transferencias, dificultades en el uso de las extremidades superiores, calidad de la marcha, etc.<\/p><p>Para ofrecer una adecuada estrategia de tratamiento, en nuestras sesiones utilizamos diversas t\u00e9cnicas como pueden ser el concepto Bobath, el concepto Perfetti, el control motor y t\u00e9cnicas neurodin\u00e1micas entre otras.<\/p><p>El plan de intervenci\u00f3n es:<\/p><ul><li>Primera visita de valoraci\u00f3n con el paciente y la familia o cuidador principal.<\/li><li>Sesiones semanales en las que se trabaja de forma individual.<\/li><li>Asesoramiento a las familias para incorporar los progresos adquiridos en las actividades de la vida diaria.<\/li><\/ul>\t\t\t\t\t\t<\/div>\n\t\t\t\t<\/div>\n\t\t\t\t\t<\/div>\n\t\t<\/div>\n\t\t\t\t\t\t\t<\/div>\n\t\t<\/section>\n\t\t\t\t\t\t\t<\/div>\n\t\t","protected":false},"excerpt":{"rendered":"<p>La fisioterapia neurol\u00f3gica valora y trata a personas con un trastorno de movilidad, de sensibilidad y de control postural, debido a una lesi\u00f3n cerebral, medular o neuromuscular. Estas lesiones pueden ser debido a traumatismos craneoencef\u00e1licos, ictus, enfermedades neurodegenerativas (Esclerosis M\u00faltiple, Parkinson, ataxias, etc.) u otros trastornos del sistema nervioso central o perif\u00e9rico. Se trabaja especialmente [&hellip;]<\/p>\n","protected":false},"author":1,"featured_media":0,"parent":1393,"menu_order":0,"comment_status":"closed","ping_status":"closed","template":"","meta":{"footnotes":""},"class_list":["post-1404","page","type-page","status-publish","hentry"],"_links":{"self":[{"href":"https:\/\/neuroesplugues.com\/es\/wp-json\/wp\/v2\/pages\/1404","targetHints":{"allow":["GET"]}}],"collection":[{"href":"https:\/\/neuroesplugues.com\/es\/wp-json\/wp\/v2\/pages"}],"about":[{"href":"https:\/\/neuroesplugues.com\/es\/wp-json\/wp\/v2\/types\/page"}],"author":[{"embeddable":true,"href":"https:\/\/neuroesplugues.com\/es\/wp-json\/wp\/v2\/users\/1"}],"replies":[{"embeddable":true,"href":"https:\/\/neuroesplugues.com\/es\/wp-json\/wp\/v2\/comments?post=1404"}],"version-history":[{"count":5,"href":"https:\/\/neuroesplugues.com\/es\/wp-json\/wp\/v2\/pages\/1404\/revisions"}],"predecessor-version":[{"id":1422,"href":"https:\/\/neuroesplugues.com\/es\/wp-json\/wp\/v2\/pages\/1404\/revisions\/1422"}],"up":[{"embeddable":true,"href":"https:\/\/neuroesplugues.com\/es\/wp-json\/wp\/v2\/pages\/1393"}],"wp:attachment":[{"href":"https:\/\/neuroesplugues.com\/es\/wp-json\/wp\/v2\/media?parent=1404"}],"curies":[{"name":"wp","href":"https:\/\/api.w.org\/{rel}","templated":true}]}}