{"id":1372,"date":"2022-12-01T14:42:54","date_gmt":"2022-12-01T14:42:54","guid":{"rendered":"https:\/\/neuroesplugues.com\/atencio-a-les-families\/"},"modified":"2022-12-21T14:43:16","modified_gmt":"2022-12-21T14:43:16","slug":"atencion-a-las-familias","status":"publish","type":"page","link":"https:\/\/neuroesplugues.com\/es\/atencion-a-las-familias\/","title":{"rendered":"Atenci\u00f3n a las familias"},"content":{"rendered":"\t\t<div data-elementor-type=\"wp-page\" data-elementor-id=\"1372\" class=\"elementor elementor-1372 elementor-808\">\n\t\t\t\t\t\t\t\t\t<section class=\"elementor-section elementor-top-section elementor-element elementor-element-32075b6 elementor-section-full_width elementor-section-height-min-height elementor-section-height-default elementor-section-items-middle\" data-id=\"32075b6\" data-element_type=\"section\" data-settings=\"{&quot;background_background&quot;:&quot;classic&quot;}\">\n\t\t\t\t\t\t<div class=\"elementor-container elementor-column-gap-default\">\n\t\t\t\t\t<div class=\"elementor-column elementor-col-100 elementor-top-column elementor-element elementor-element-4374e0e\" data-id=\"4374e0e\" data-element_type=\"column\">\n\t\t\t<div class=\"elementor-widget-wrap\">\n\t\t\t\t\t\t\t\t\t<\/div>\n\t\t<\/div>\n\t\t\t\t\t\t\t<\/div>\n\t\t<\/section>\n\t\t\t\t<section class=\"elementor-section elementor-top-section elementor-element elementor-element-9df9093 elementor-section-boxed elementor-section-height-default elementor-section-height-default\" data-id=\"9df9093\" data-element_type=\"section\" data-settings=\"{&quot;background_background&quot;:&quot;classic&quot;}\">\n\t\t\t\t\t\t<div class=\"elementor-container elementor-column-gap-default\">\n\t\t\t\t\t<div class=\"elementor-column elementor-col-100 elementor-top-column elementor-element elementor-element-eafb1e6\" data-id=\"eafb1e6\" data-element_type=\"column\">\n\t\t\t<div class=\"elementor-widget-wrap elementor-element-populated\">\n\t\t\t\t\t\t\t\t<div class=\"elementor-element elementor-element-0ef264f elementor-widget elementor-widget-heading\" data-id=\"0ef264f\" data-element_type=\"widget\" data-widget_type=\"heading.default\">\n\t\t\t\t<div class=\"elementor-widget-container\">\n\t\t\t<style>\/*! elementor - v3.9.2 - 21-12-2022 *\/\n.elementor-heading-title{padding:0;margin:0;line-height:1}.elementor-widget-heading .elementor-heading-title[class*=elementor-size-]>a{color:inherit;font-size:inherit;line-height:inherit}.elementor-widget-heading .elementor-heading-title.elementor-size-small{font-size:15px}.elementor-widget-heading .elementor-heading-title.elementor-size-medium{font-size:19px}.elementor-widget-heading .elementor-heading-title.elementor-size-large{font-size:29px}.elementor-widget-heading .elementor-heading-title.elementor-size-xl{font-size:39px}.elementor-widget-heading .elementor-heading-title.elementor-size-xxl{font-size:59px}<\/style><h1 class=\"elementor-heading-title elementor-size-default\">Atenci\u00f3n a las familias<\/h1>\t\t<\/div>\n\t\t\t\t<\/div>\n\t\t\t\t<div class=\"elementor-element elementor-element-457e554 elementor-widget-divider--view-line elementor-widget elementor-widget-divider\" data-id=\"457e554\" data-element_type=\"widget\" data-widget_type=\"divider.default\">\n\t\t\t\t<div class=\"elementor-widget-container\">\n\t\t\t<style>\/*! elementor - v3.9.2 - 21-12-2022 *\/\n.elementor-widget-divider{--divider-border-style:none;--divider-border-width:1px;--divider-color:#2c2c2c;--divider-icon-size:20px;--divider-element-spacing:10px;--divider-pattern-height:24px;--divider-pattern-size:20px;--divider-pattern-url:none;--divider-pattern-repeat:repeat-x}.elementor-widget-divider .elementor-divider{display:flex}.elementor-widget-divider .elementor-divider__text{font-size:15px;line-height:1;max-width:95%}.elementor-widget-divider .elementor-divider__element{margin:0 var(--divider-element-spacing);flex-shrink:0}.elementor-widget-divider .elementor-icon{font-size:var(--divider-icon-size)}.elementor-widget-divider .elementor-divider-separator{display:flex;margin:0;direction:ltr}.elementor-widget-divider--view-line_icon .elementor-divider-separator,.elementor-widget-divider--view-line_text .elementor-divider-separator{align-items:center}.elementor-widget-divider--view-line_icon .elementor-divider-separator:after,.elementor-widget-divider--view-line_icon .elementor-divider-separator:before,.elementor-widget-divider--view-line_text .elementor-divider-separator:after,.elementor-widget-divider--view-line_text .elementor-divider-separator:before{display:block;content:\"\";border-bottom:0;flex-grow:1;border-top:var(--divider-border-width) var(--divider-border-style) var(--divider-color)}.elementor-widget-divider--element-align-left .elementor-divider .elementor-divider-separator>.elementor-divider__svg:first-of-type{flex-grow:0;flex-shrink:100}.elementor-widget-divider--element-align-left .elementor-divider-separator:before{content:none}.elementor-widget-divider--element-align-left .elementor-divider__element{margin-left:0}.elementor-widget-divider--element-align-right .elementor-divider .elementor-divider-separator>.elementor-divider__svg:last-of-type{flex-grow:0;flex-shrink:100}.elementor-widget-divider--element-align-right .elementor-divider-separator:after{content:none}.elementor-widget-divider--element-align-right .elementor-divider__element{margin-right:0}.elementor-widget-divider:not(.elementor-widget-divider--view-line_text):not(.elementor-widget-divider--view-line_icon) .elementor-divider-separator{border-top:var(--divider-border-width) var(--divider-border-style) var(--divider-color)}.elementor-widget-divider--separator-type-pattern{--divider-border-style:none}.elementor-widget-divider--separator-type-pattern.elementor-widget-divider--view-line .elementor-divider-separator,.elementor-widget-divider--separator-type-pattern:not(.elementor-widget-divider--view-line) .elementor-divider-separator:after,.elementor-widget-divider--separator-type-pattern:not(.elementor-widget-divider--view-line) .elementor-divider-separator:before,.elementor-widget-divider--separator-type-pattern:not([class*=elementor-widget-divider--view]) .elementor-divider-separator{width:100%;min-height:var(--divider-pattern-height);-webkit-mask-size:var(--divider-pattern-size) 100%;mask-size:var(--divider-pattern-size) 100%;-webkit-mask-repeat:var(--divider-pattern-repeat);mask-repeat:var(--divider-pattern-repeat);background-color:var(--divider-color);-webkit-mask-image:var(--divider-pattern-url);mask-image:var(--divider-pattern-url)}.elementor-widget-divider--no-spacing{--divider-pattern-size:auto}.elementor-widget-divider--bg-round{--divider-pattern-repeat:round}.rtl .elementor-widget-divider .elementor-divider__text{direction:rtl}.e-con-inner>.elementor-widget-divider,.e-con>.elementor-widget-divider{width:var(--container-widget-width);--flex-grow:var(--container-widget-flex-grow)}<\/style>\t\t<div class=\"elementor-divider\">\n\t\t\t<span class=\"elementor-divider-separator\">\n\t\t\t\t\t\t<\/span>\n\t\t<\/div>\n\t\t\t\t<\/div>\n\t\t\t\t<\/div>\n\t\t\t\t<div class=\"elementor-element elementor-element-02e8d29 elementor-widget elementor-widget-spacer\" data-id=\"02e8d29\" data-element_type=\"widget\" data-widget_type=\"spacer.default\">\n\t\t\t\t<div class=\"elementor-widget-container\">\n\t\t\t<style>\/*! elementor - v3.9.2 - 21-12-2022 *\/\n.elementor-column .elementor-spacer-inner{height:var(--spacer-size)}.e-con{--container-widget-width:100%}.e-con-inner>.elementor-widget-spacer,.e-con>.elementor-widget-spacer{width:var(--container-widget-width,var(--spacer-size));--align-self:var(--container-widget-align-self,initial);--flex-shrink:0}.e-con-inner>.elementor-widget-spacer>.elementor-widget-container,.e-con-inner>.elementor-widget-spacer>.elementor-widget-container>.elementor-spacer,.e-con>.elementor-widget-spacer>.elementor-widget-container,.e-con>.elementor-widget-spacer>.elementor-widget-container>.elementor-spacer{height:100%}.e-con-inner>.elementor-widget-spacer>.elementor-widget-container>.elementor-spacer>.elementor-spacer-inner,.e-con>.elementor-widget-spacer>.elementor-widget-container>.elementor-spacer>.elementor-spacer-inner{height:var(--container-widget-height,var(--spacer-size))}<\/style>\t\t<div class=\"elementor-spacer\">\n\t\t\t<div class=\"elementor-spacer-inner\"><\/div>\n\t\t<\/div>\n\t\t\t\t<\/div>\n\t\t\t\t<\/div>\n\t\t\t\t<section class=\"elementor-section elementor-inner-section elementor-element elementor-element-267bc84 elementor-section-boxed elementor-section-height-default elementor-section-height-default\" data-id=\"267bc84\" data-element_type=\"section\">\n\t\t\t\t\t\t<div class=\"elementor-container elementor-column-gap-default\">\n\t\t\t\t\t<div class=\"elementor-column elementor-col-50 elementor-inner-column elementor-element elementor-element-3338a98\" data-id=\"3338a98\" data-element_type=\"column\">\n\t\t\t<div class=\"elementor-widget-wrap elementor-element-populated\">\n\t\t\t\t\t\t\t\t<div class=\"elementor-element elementor-element-64a424d elementor-widget elementor-widget-text-editor\" data-id=\"64a424d\" data-element_type=\"widget\" data-widget_type=\"text-editor.default\">\n\t\t\t\t<div class=\"elementor-widget-container\">\n\t\t\t<style>\/*! elementor - v3.9.2 - 21-12-2022 *\/\n.elementor-widget-text-editor.elementor-drop-cap-view-stacked .elementor-drop-cap{background-color:#818a91;color:#fff}.elementor-widget-text-editor.elementor-drop-cap-view-framed .elementor-drop-cap{color:#818a91;border:3px solid;background-color:transparent}.elementor-widget-text-editor:not(.elementor-drop-cap-view-default) .elementor-drop-cap{margin-top:8px}.elementor-widget-text-editor:not(.elementor-drop-cap-view-default) .elementor-drop-cap-letter{width:1em;height:1em}.elementor-widget-text-editor .elementor-drop-cap{float:left;text-align:center;line-height:1;font-size:50px}.elementor-widget-text-editor .elementor-drop-cap-letter{display:inline-block}<\/style>\t\t\t\t<p>En <strong>NeuroEsplugues<\/strong> trabajamos de forma coordinada con el entorno de las personas que reciben tratamiento en nuestro centro. Entendemos as\u00ed la necesidad de generar una estrecha relaci\u00f3n y comunicaci\u00f3n entre la familia y los diferentes especialistas implicados en cada caso.<\/p><p>El entorno y las figuras referentes tienen un papel fundamental en la generalizaci\u00f3n de los aprendizajes y que puedan aplicarlos en su d\u00eda a d\u00eda.<\/p><p>Dar herramientas, asesoramiento y espacio para poder exponer dudas o inquietudes, forma parte de nuestros tratamientos. Queremos favorecer una buena din\u00e1mica y convivencia, para posibilitar el bienestar familiar.<\/p><p>La intervenci\u00f3n familiar consiste en:<\/p><p><strong>Sesiones de psicoeducaci\u00f3n:<\/strong><\/p><ul><li>Escucha activa sobre las necesidades, vivencias, inquietudes que tiene el familiar.<\/li><li>Validaci\u00f3n emocional. Acompa\u00f1amos en la gesti\u00f3n emocional de los familiares sobre su situaci\u00f3n vital.<\/li><li>Resoluci\u00f3n de dudas formales (parte te\u00f3rica): damos informaci\u00f3n te\u00f3rica y pr\u00e1ctica sobre el perfil cognitivo, emocional y conductual del familiar (con todas las franjas de edad: infantil, adolescente, adultos y personas mayores).<\/li><li>Propuestas de intervenci\u00f3n seg\u00fan necesidades observadas. Pueden estar dirigidas al familiar y\/o a la persona que recibe el tratamiento. Est\u00e1n relacionadas con aspectos de convivencia y vida diaria.<\/li><li>Seguimiento. Si es necesario, realizamos visitas peri\u00f3dicas para promover una evoluci\u00f3n favorable.<\/li><\/ul>\t\t\t\t\t\t<\/div>\n\t\t\t\t<\/div>\n\t\t\t\t\t<\/div>\n\t\t<\/div>\n\t\t\t\t<div class=\"elementor-column elementor-col-50 elementor-inner-column elementor-element elementor-element-4458cd1\" data-id=\"4458cd1\" data-element_type=\"column\">\n\t\t\t<div class=\"elementor-widget-wrap elementor-element-populated\">\n\t\t\t\t\t\t\t\t<div class=\"elementor-element elementor-element-6f8f1b6 elementor-widget elementor-widget-text-editor\" data-id=\"6f8f1b6\" data-element_type=\"widget\" data-widget_type=\"text-editor.default\">\n\t\t\t\t<div class=\"elementor-widget-container\">\n\t\t\t\t\t\t\t<p><strong>Sesiones formativas<\/strong> para afrontar situaciones cotidianas:<\/p><ul><li>Ofrecemos consejos pr\u00e1cticos de fisioterapia (por ejemplo, transferencias, movilidad en el domicilio, deportes adaptados, etc.).<\/li><li>Proporcionamos consejos pr\u00e1cticos de logopedia (c\u00f3mo mejorar los problemas de degluci\u00f3n, c\u00f3mo conseguir una mejor comunicaci\u00f3n con su familiar, etc.).<\/li><li>Facilitamos consejos pr\u00e1cticos de neuropsicolog\u00eda y psicolog\u00eda (pautas de modificaci\u00f3n de conducta, c\u00f3mo realizar estimulaci\u00f3n cognitiva desde el domicilio, pautas y t\u00e9cnicas de estudio, etc.).<br \/><br \/><\/li><\/ul><p><strong>Sesiones de soporte emocional<\/strong>:<\/p><p>En ocasiones, es imprescindible tener un espacio donde recibir soporte emocional profesional para poder gestionar mejor situaciones complejas derivadas de una situaci\u00f3n vital concreta. En NeuroEsplugues ofrecemos un espacio en el que los familiares pueden hablar y trabajar cuestiones como el duelo, el s\u00edndrome del cuidador, el estr\u00e9s cr\u00f3nico y otros aspectos emocionales que puedan derivarse del cuidado y convivencia con la persona que recibe tratamiento con nosotros.<\/p><p>La atenci\u00f3n a las familias se proporciona de forma <strong>individual<\/strong> o <strong>grupal<\/strong>. Cuando existen problemas muy espec\u00edficos, es preferible tratarlos de forma individualizada. Cuando las dificultades son comunes en pacientes de un perfil similar, las sesiones grupales son muy recomendables para poder compartir dudas, problemas y apoyarse emocionalmente.<\/p>\t\t\t\t\t\t<\/div>\n\t\t\t\t<\/div>\n\t\t\t\t\t<\/div>\n\t\t<\/div>\n\t\t\t\t\t\t\t<\/div>\n\t\t<\/section>\n\t\t\t\t\t<\/div>\n\t\t<\/div>\n\t\t\t\t\t\t\t<\/div>\n\t\t<\/section>\n\t\t\t\t\t\t\t<\/div>\n\t\t","protected":false},"excerpt":{"rendered":"<p>Atenci\u00f3n a las familias En NeuroEsplugues trabajamos de forma coordinada con el entorno de las personas que reciben tratamiento en nuestro centro. Entendemos as\u00ed la necesidad de generar una estrecha relaci\u00f3n y comunicaci\u00f3n entre la familia y los diferentes especialistas implicados en cada caso. El entorno y las figuras referentes tienen un papel fundamental en [&hellip;]<\/p>\n","protected":false},"author":1,"featured_media":0,"parent":0,"menu_order":0,"comment_status":"closed","ping_status":"closed","template":"","meta":{"footnotes":""},"class_list":["post-1372","page","type-page","status-publish","hentry"],"_links":{"self":[{"href":"https:\/\/neuroesplugues.com\/es\/wp-json\/wp\/v2\/pages\/1372","targetHints":{"allow":["GET"]}}],"collection":[{"href":"https:\/\/neuroesplugues.com\/es\/wp-json\/wp\/v2\/pages"}],"about":[{"href":"https:\/\/neuroesplugues.com\/es\/wp-json\/wp\/v2\/types\/page"}],"author":[{"embeddable":true,"href":"https:\/\/neuroesplugues.com\/es\/wp-json\/wp\/v2\/users\/1"}],"replies":[{"embeddable":true,"href":"https:\/\/neuroesplugues.com\/es\/wp-json\/wp\/v2\/comments?post=1372"}],"version-history":[{"count":6,"href":"https:\/\/neuroesplugues.com\/es\/wp-json\/wp\/v2\/pages\/1372\/revisions"}],"predecessor-version":[{"id":1378,"href":"https:\/\/neuroesplugues.com\/es\/wp-json\/wp\/v2\/pages\/1372\/revisions\/1378"}],"wp:attachment":[{"href":"https:\/\/neuroesplugues.com\/es\/wp-json\/wp\/v2\/media?parent=1372"}],"curies":[{"name":"wp","href":"https:\/\/api.w.org\/{rel}","templated":true}]}}